{"id":2819,"date":"2023-09-26T20:13:53","date_gmt":"2023-09-26T20:13:53","guid":{"rendered":"https:\/\/fundacjamlodziludziom.pl\/swietokrzyskie-voivodeship\/"},"modified":"2023-10-27T09:24:12","modified_gmt":"2023-10-27T09:24:12","slug":"swietokrzyskie-voivodeship","status":"publish","type":"page","link":"https:\/\/fundacjamlodziludziom.pl\/en\/swietokrzyskie-voivodeship\/","title":{"rendered":"\u015awi\u0119tokrzyskie Voivodeship"},"content":{"rendered":"\t\t<div data-elementor-type=\"wp-page\" data-elementor-id=\"2819\" class=\"elementor elementor-2819 elementor-1288\" data-elementor-post-type=\"page\">\n\t\t\t\t\t\t<section class=\"elementor-section elementor-top-section elementor-element elementor-element-b1195e0 elementor-reverse-mobile elementor-section-boxed elementor-section-height-default elementor-section-height-default\" data-id=\"b1195e0\" data-element_type=\"section\">\n\t\t\t\t\t\t<div class=\"elementor-container elementor-column-gap-default\">\n\t\t\t\t\t<div class=\"elementor-column elementor-col-50 elementor-top-column elementor-element elementor-element-11c3db4\" data-id=\"11c3db4\" data-element_type=\"column\">\n\t\t\t<div class=\"elementor-widget-wrap elementor-element-populated\">\n\t\t\t\t\t\t<div class=\"elementor-element elementor-element-35b2ee7 elementor-widget elementor-widget-heading\" data-id=\"35b2ee7\" data-element_type=\"widget\" data-widget_type=\"heading.default\">\n\t\t\t\t<div class=\"elementor-widget-container\">\n\t\t\t\t\t<h2 class=\"elementor-heading-title elementor-size-default\">\u015aWI\u0118TOKRZYSKIE VOIVODESHIP<\/h2>\t\t\t\t<\/div>\n\t\t\t\t<\/div>\n\t\t\t\t<div class=\"elementor-element elementor-element-7f9df4f elementor-position-inline-end elementor-mobile-position-inline-end elementor-view-default elementor-widget elementor-widget-icon-box\" data-id=\"7f9df4f\" data-element_type=\"widget\" data-widget_type=\"icon-box.default\">\n\t\t\t\t<div class=\"elementor-widget-container\">\n\t\t\t\t\t\t\t<div class=\"elementor-icon-box-wrapper\">\n\n\t\t\t\t\t\t<div class=\"elementor-icon-box-icon\">\n\t\t\t\t<a href=\"https:\/\/fundacjamlodziludziom.pl\/en\/wloszczowski-county\/\" class=\"elementor-icon\" tabindex=\"-1\" aria-label=\"W\u0142oszczowski County\">\n\t\t\t\t<i aria-hidden=\"true\" class=\"fas fa-arrow-right\"><\/i>\t\t\t\t<\/a>\n\t\t\t<\/div>\n\t\t\t\n\t\t\t\t\t\t<div class=\"elementor-icon-box-content\">\n\n\t\t\t\t\t\t\t\t\t<h3 class=\"elementor-icon-box-title\">\n\t\t\t\t\t\t<a href=\"https:\/\/fundacjamlodziludziom.pl\/en\/wloszczowski-county\/\" >\n\t\t\t\t\t\t\tW\u0142oszczowski County\t\t\t\t\t\t<\/a>\n\t\t\t\t\t<\/h3>\n\t\t\t\t\n\t\t\t\t\n\t\t\t<\/div>\n\t\t\t\n\t\t<\/div>\n\t\t\t\t\t\t<\/div>\n\t\t\t\t<\/div>\n\t\t\t\t\t<\/div>\n\t\t<\/div>\n\t\t\t\t<div class=\"elementor-column elementor-col-50 elementor-top-column elementor-element elementor-element-88f3db5\" data-id=\"88f3db5\" data-element_type=\"column\" data-settings=\"{&quot;background_background&quot;:&quot;classic&quot;}\">\n\t\t\t<div class=\"elementor-widget-wrap elementor-element-populated\">\n\t\t\t\t\t<div class=\"elementor-background-overlay\"><\/div>\n\t\t\t\t\t\t<div class=\"elementor-element elementor-element-c4163a6 elementor-widget elementor-widget-image\" data-id=\"c4163a6\" data-element_type=\"widget\" data-widget_type=\"image.default\">\n\t\t\t\t<div class=\"elementor-widget-container\">\n\t\t\t\t\t\t\t\t\t\t\t\t\t\t\t<img fetchpriority=\"high\" decoding=\"async\" width=\"300\" height=\"300\" src=\"https:\/\/fundacjamlodziludziom.pl\/wp-content\/uploads\/2023\/09\/Wojewodztwo-Swietokrzyskie-300x300.png\" class=\"attachment-medium size-medium wp-image-2329\" alt=\"\" srcset=\"https:\/\/fundacjamlodziludziom.pl\/wp-content\/uploads\/2023\/09\/Wojewodztwo-Swietokrzyskie-300x300.png 300w, https:\/\/fundacjamlodziludziom.pl\/wp-content\/uploads\/2023\/09\/Wojewodztwo-Swietokrzyskie-1024x1024.png 1024w, https:\/\/fundacjamlodziludziom.pl\/wp-content\/uploads\/2023\/09\/Wojewodztwo-Swietokrzyskie-150x150.png 150w, https:\/\/fundacjamlodziludziom.pl\/wp-content\/uploads\/2023\/09\/Wojewodztwo-Swietokrzyskie-768x768.png 768w, https:\/\/fundacjamlodziludziom.pl\/wp-content\/uploads\/2023\/09\/Wojewodztwo-Swietokrzyskie.png 1390w\" sizes=\"(max-width: 300px) 100vw, 300px\" \/>\t\t\t\t\t\t\t\t\t\t\t\t\t\t\t<\/div>\n\t\t\t\t<\/div>\n\t\t\t\t\t<\/div>\n\t\t<\/div>\n\t\t\t\t\t<\/div>\n\t\t<\/section>\n\t\t\t\t<\/div>\n\t\t","protected":false},"excerpt":{"rendered":"<p>\u015aWI\u0118TOKRZYSKIE VOIVODESHIP W\u0142oszczowski County<\/p>\n","protected":false},"author":1,"featured_media":0,"parent":0,"menu_order":0,"comment_status":"closed","ping_status":"closed","template":"","meta":{"footnotes":""},"class_list":["post-2819","page","type-page","status-publish","hentry"],"_links":{"self":[{"href":"https:\/\/fundacjamlodziludziom.pl\/en\/wp-json\/wp\/v2\/pages\/2819","targetHints":{"allow":["GET"]}}],"collection":[{"href":"https:\/\/fundacjamlodziludziom.pl\/en\/wp-json\/wp\/v2\/pages"}],"about":[{"href":"https:\/\/fundacjamlodziludziom.pl\/en\/wp-json\/wp\/v2\/types\/page"}],"author":[{"embeddable":true,"href":"https:\/\/fundacjamlodziludziom.pl\/en\/wp-json\/wp\/v2\/users\/1"}],"replies":[{"embeddable":true,"href":"https:\/\/fundacjamlodziludziom.pl\/en\/wp-json\/wp\/v2\/comments?post=2819"}],"version-history":[{"count":3,"href":"https:\/\/fundacjamlodziludziom.pl\/en\/wp-json\/wp\/v2\/pages\/2819\/revisions"}],"predecessor-version":[{"id":2822,"href":"https:\/\/fundacjamlodziludziom.pl\/en\/wp-json\/wp\/v2\/pages\/2819\/revisions\/2822"}],"wp:attachment":[{"href":"https:\/\/fundacjamlodziludziom.pl\/en\/wp-json\/wp\/v2\/media?parent=2819"}],"curies":[{"name":"wp","href":"https:\/\/api.w.org\/{rel}","templated":true}]}}